{"id":3232,"date":"2021-01-22T10:58:18","date_gmt":"2021-01-22T09:58:18","guid":{"rendered":"https:\/\/gip.ba\/uslovi-koristenja\/"},"modified":"2024-03-11T23:00:04","modified_gmt":"2024-03-11T22:00:04","slug":"privacy-policy","status":"publish","type":"page","link":"https:\/\/gip.ba\/en\/privacy-policy\/","title":{"rendered":"Privacy Policy"},"content":{"rendered":"<div class=\"fusion-fullwidth fullwidth-box fusion-builder-row-1 fusion-flex-container nonhundred-percent-fullwidth non-hundred-percent-height-scrolling\" style=\"--awb-border-radius-top-left:0px;--awb-border-radius-top-right:0px;--awb-border-radius-bottom-right:0px;--awb-border-radius-bottom-left:0px;--awb-padding-top:30px;--awb-padding-bottom:90px;--awb-padding-top-small:0px;--awb-flex-wrap:wrap;\" ><div class=\"fusion-builder-row fusion-row fusion-flex-align-items-flex-start fusion-flex-justify-content-center fusion-flex-content-wrap\" style=\"max-width:calc( 1200px + 80px );margin-left: calc(-80px \/ 2 );margin-right: calc(-80px \/ 2 );\"><div class=\"fusion-layout-column fusion_builder_column fusion-builder-column-0 fusion_builder_column_2_3 2_3 fusion-flex-column fusion-animated\" style=\"--awb-bg-size:cover;--awb-width-large:66.666666666667%;--awb-margin-top-large:0px;--awb-spacing-right-large:40px;--awb-margin-bottom-large:20px;--awb-spacing-left-large:40px;--awb-width-medium:66.666666666667%;--awb-order-medium:0;--awb-spacing-right-medium:40px;--awb-spacing-left-medium:40px;--awb-width-small:83.333333333333%;--awb-order-small:0;--awb-spacing-right-small:40px;--awb-spacing-left-small:40px;\" data-animationType=\"fadeInDown\" data-animationDuration=\"1.0\" data-animationOffset=\"top-into-view\"><div class=\"fusion-column-wrapper fusion-column-has-shadow fusion-flex-justify-content-flex-start fusion-content-layout-column\"><div class=\"fusion-text fusion-text-1\" style=\"--awb-content-alignment:center;\"><p style=\"text-align: left;\">Pristup ovoj Internet prezentaciji i podacima sadr\u017eanim na njoj podlo\u017eni su dole navedenim uslovima i odredbama. Sve informacije dostupne na Internet prezentaciji www.gip.ba, koji je u vlasni\u0161tvu GIP 2 d.o.o. Doboj, isklju\u010divo su informativnog karaktera i ne smeju se koristiti u komercijalne svrhe.<\/p>\n<p style=\"text-align: left;\">Informacije koje GIP 2 d.o.o. Doboj objavljuje na ovoj Internet prezentaciji smatraju se ta\u010dnima i pouzdanima u vreme njihove objave. GIP 2 d.o.o. Doboj mo\u017ee u svakom trenutku, bez prethodne najave a\u017eurirati postoje\u0107e ili dodati nove informacije na ovoj Internet prezentaciji.<\/p>\n<p style=\"text-align: left;\">GIP 2 d.o.o. Doboj stalno proverava i aktualizuje informacije naovoj Internet prezentaciji. Uprkos svoj bri\u017eljivosti, mogu\u0107e je da su se podaci u me\u0111uvremenu promenili. Stoga, GIP 2 d.o.o. Doboj ne mo\u017ee preuzeti odgovornost za kori\u0161\u0107enje informacija sa njene Internet prezentacije jer su one samo informativnog karaktera i ne smatra se odgovornom za eventualne posledice koje mogu nastupiti na osnovu druga\u010dijeg tuma\u010denja materijala na ovoj Internet stranici. Za dodatne informacije, molimo, obratite se zaposlenima kompanije.<\/p>\n<p style=\"text-align: left;\">Molimo Vas da vodite ra\u010duna o tome da slanje poruka putem elektronske po\u0161te na Internetu mo\u017ee biti nesigurno i podlo\u017eno neovla\u0161\u0107enom pristupu tre\u0107ih lica ili pogre\u0161noj dostavi. Svaka poruka primljena putem elektronske po\u0161te smatra\u0107e se nepoverljivom, te GIP 2 d.o.o. Doboj ne odgovara za sigurnost i privatnost takvih poruka.<\/p>\n<h3 class=\"fusion-responsive-typography-calculated\" style=\"text-align: left;\" data-fontsize=\"26\" data-lineheight=\"33.8px\">Isklju\u010denje odgovornosti<\/h3>\n<p style=\"text-align: left;\">Saglasni ste da koristite Internet prezentaciju GIP 2 d.o.o. Doboj na sopstveni rizik. GIP 2 d.o.o. Doboj nije odgovorna za bilo kakvu \u0161tetu ili gubitak informacija koje mogu da se dese prilikom upotrebe ove Internet prezentacije ili usluga, servisa i softvera koji se nalaze na ovoj Internet prezentaciji. GIP 2 d.o.o. Doboj ne\u0107e biti odgovorna za bilo kakvu materijalnu i\/ili nematerijalnu \u0161tetu i\/ili izmaklu dobit, koja mo\u017ee proiste\u0107i iz kori\u0161\u0107enja ove Internet prezentacije i\/ili njenog sadr\u017eaja i\/ili nedostupnosti iste.<\/p>\n<h3 class=\"fusion-responsive-typography-calculated\" style=\"text-align: left;\" data-fontsize=\"26\" data-lineheight=\"33.8px\">Povezivanje na tre\u0107e lokacije \u2013 linkovi<\/h3>\n<p style=\"text-align: left;\">Pojedini linkovi sadr\u017eani na Internet prezentaciji <a href=\"http:\/\/www.mailinghaus.com\/\">www.gip.b<\/a>a, koji je u vlasni\u0161tvu GIP 2 d.o.o. Doboj, mogu voditi do internet prezentacija koje nisu u vlasni\u0161tvu GIP 2 d.o.o. Doboj ne odgovara za sadr\u017eaj koji se nalazi na internet prezentacijama tre\u0107ih lica niti ih na bilo koji na\u010din podr\u017eava.<\/p>\n<h3 class=\"fusion-responsive-typography-calculated\" style=\"text-align: left;\" data-fontsize=\"26\" data-lineheight=\"33.8px\">Autorska prava<\/h3>\n<p style=\"text-align: left;\">Svi elementi na ovoj Internet prezentaciji su za\u0161ti\u0107eni u pogledu autorskog prava, i isklju\u010divo su vlasni\u0161tvo GIP 2 d.o.o. Doboj. Zadr\u017eana su prava u pogledu autorskih prava tre\u0107ih lica.<\/p>\n<h3 class=\"fusion-responsive-typography-calculated\" style=\"text-align: left;\" data-fontsize=\"26\" data-lineheight=\"33.8px\">Kori\u0161\u0107enje HTML-cookies\/kola\u010di\u0107a<\/h3>\n<p style=\"text-align: left;\">Kori\u0161\u0107enjem ove Internet prezentacije, prihvatate kori\u0161\u0107enje HTML-cookies\/kola\u010di\u0107 koji se postavljaju na Va\u0161 ra\u010dunar i predstavljaju tekstualne datoteke koje prilikom Va\u0161e posete Internet prezentaciji \u0161alju nazad informacije o Internet prezentacija sa kojih ste do\u0161li na ovu Internet prezentaciju i kretanju kroz nju. Prikupljanje ovih informacija poma\u017ee GIP 2 d.o.o. Doboj da bolje prepozna navike posetilaca ove Internet prezentacije kako bi mogla da pobolj\u0161a pretragu Internet prezentacije i unapredimo njeno funkcionisanje. Mo\u017eete onemogu\u0107iti kola\u010di\u0107e aktiviranjem postavke na svom pretra\u017eiva\u010du koja Vam omogu\u0107ava da odbacite pode\u0161enja svih ili nekih kola\u010di\u0107a.<\/p>\n<h3 class=\"fusion-responsive-typography-calculated\" style=\"text-align: left;\" data-fontsize=\"26\" data-lineheight=\"33.8px\">Prikupljanje podataka korisnika<\/h3>\n<p style=\"text-align: left;\">Na ovoj Internet prezentaciji se prikupljaju Va\u0161i podaci, kao korisnika Internet prezentacije, koje ostavljate dobrovoljno u formularu i to se smatra Va\u0161om saglasno\u0161\u0107u da se ti Va\u0161i podaci koriste u svrhu: kontakata, statisti\u010dke obrade pose\u0107enosti ove Internet prezentacije, komunikacije sa predstavnicima GIP 2 d.o.o. Doboj radi dodatnog informisanja.<\/p>\n<p style=\"text-align: left;\">Ukoliko ne \u017eelite da se Va\u0161i podaci koriste u nazna\u010dene svrhe molimo da nas kontaktirate slanjem poruke na na adresu elektronske po\u0161te info[at]gip.ba i odjavite se sa liste.<\/p>\n<\/div><\/div><\/div><\/div><\/div>\n","protected":false},"excerpt":{"rendered":"","protected":false},"author":1,"featured_media":0,"parent":0,"menu_order":0,"comment_status":"closed","ping_status":"closed","template":"100-width.php","meta":{"footnotes":""},"class_list":["post-3232","page","type-page","status-publish","hentry"],"yoast_head":"<!-- This site is optimized with the Yoast SEO plugin v22.2 - https:\/\/yoast.com\/wordpress\/plugins\/seo\/ -->\n<title>Privacy Policy - GIP 2 d.o.o.<\/title>\n<meta name=\"robots\" content=\"index, follow, max-snippet:-1, max-image-preview:large, max-video-preview:-1\" \/>\n<link rel=\"canonical\" href=\"https:\/\/gip.ba\/en\/privacy-policy\/\" \/>\n<meta property=\"og:locale\" content=\"en_US\" \/>\n<meta property=\"og:type\" content=\"article\" \/>\n<meta property=\"og:title\" content=\"Privacy Policy - GIP 2 d.o.o.\" \/>\n<meta property=\"og:url\" content=\"https:\/\/gip.ba\/en\/privacy-policy\/\" \/>\n<meta property=\"og:site_name\" content=\"GIP 2 d.o.o.\" \/>\n<meta property=\"article:modified_time\" content=\"2024-03-11T22:00:04+00:00\" \/>\n<meta name=\"twitter:card\" content=\"summary_large_image\" \/>\n<meta name=\"twitter:label1\" content=\"Est. reading time\" \/>\n\t<meta name=\"twitter:data1\" content=\"3 minutes\" \/>\n<script type=\"application\/ld+json\" class=\"yoast-schema-graph\">{\"@context\":\"https:\/\/schema.org\",\"@graph\":[{\"@type\":\"WebPage\",\"@id\":\"https:\/\/gip.ba\/en\/privacy-policy\/\",\"url\":\"https:\/\/gip.ba\/en\/privacy-policy\/\",\"name\":\"Privacy Policy - GIP 2 d.o.o.\",\"isPartOf\":{\"@id\":\"https:\/\/gip.ba\/en\/#website\"},\"datePublished\":\"2021-01-22T09:58:18+00:00\",\"dateModified\":\"2024-03-11T22:00:04+00:00\",\"breadcrumb\":{\"@id\":\"https:\/\/gip.ba\/en\/privacy-policy\/#breadcrumb\"},\"inLanguage\":\"en-US\",\"potentialAction\":[{\"@type\":\"ReadAction\",\"target\":[\"https:\/\/gip.ba\/en\/privacy-policy\/\"]}]},{\"@type\":\"BreadcrumbList\",\"@id\":\"https:\/\/gip.ba\/en\/privacy-policy\/#breadcrumb\",\"itemListElement\":[{\"@type\":\"ListItem\",\"position\":1,\"name\":\"Home\",\"item\":\"https:\/\/gip.ba\/en\/\"},{\"@type\":\"ListItem\",\"position\":2,\"name\":\"Privacy Policy\"}]},{\"@type\":\"WebSite\",\"@id\":\"https:\/\/gip.ba\/en\/#website\",\"url\":\"https:\/\/gip.ba\/en\/\",\"name\":\"GIP 2 d.o.o.\",\"description\":\"\",\"publisher\":{\"@id\":\"https:\/\/gip.ba\/en\/#organization\"},\"potentialAction\":[{\"@type\":\"SearchAction\",\"target\":{\"@type\":\"EntryPoint\",\"urlTemplate\":\"https:\/\/gip.ba\/en\/?s={search_term_string}\"},\"query-input\":\"required name=search_term_string\"}],\"inLanguage\":\"en-US\"},{\"@type\":\"Organization\",\"@id\":\"https:\/\/gip.ba\/en\/#organization\",\"name\":\"GIP 2 d.o.o.\",\"url\":\"https:\/\/gip.ba\/en\/\",\"logo\":{\"@type\":\"ImageObject\",\"inLanguage\":\"en-US\",\"@id\":\"https:\/\/gip.ba\/en\/#\/schema\/logo\/image\/\",\"url\":\"https:\/\/gip.ba\/wp-content\/uploads\/2024\/03\/gip-2-logo.png\",\"contentUrl\":\"https:\/\/gip.ba\/wp-content\/uploads\/2024\/03\/gip-2-logo.png\",\"width\":200,\"height\":55,\"caption\":\"GIP 2 d.o.o.\"},\"image\":{\"@id\":\"https:\/\/gip.ba\/en\/#\/schema\/logo\/image\/\"}}]}<\/script>\n<!-- \/ Yoast SEO plugin. -->","yoast_head_json":{"title":"Privacy Policy - GIP 2 d.o.o.","robots":{"index":"index","follow":"follow","max-snippet":"max-snippet:-1","max-image-preview":"max-image-preview:large","max-video-preview":"max-video-preview:-1"},"canonical":"https:\/\/gip.ba\/en\/privacy-policy\/","og_locale":"en_US","og_type":"article","og_title":"Privacy Policy - GIP 2 d.o.o.","og_url":"https:\/\/gip.ba\/en\/privacy-policy\/","og_site_name":"GIP 2 d.o.o.","article_modified_time":"2024-03-11T22:00:04+00:00","twitter_card":"summary_large_image","twitter_misc":{"Est. reading time":"3 minutes"},"schema":{"@context":"https:\/\/schema.org","@graph":[{"@type":"WebPage","@id":"https:\/\/gip.ba\/en\/privacy-policy\/","url":"https:\/\/gip.ba\/en\/privacy-policy\/","name":"Privacy Policy - GIP 2 d.o.o.","isPartOf":{"@id":"https:\/\/gip.ba\/en\/#website"},"datePublished":"2021-01-22T09:58:18+00:00","dateModified":"2024-03-11T22:00:04+00:00","breadcrumb":{"@id":"https:\/\/gip.ba\/en\/privacy-policy\/#breadcrumb"},"inLanguage":"en-US","potentialAction":[{"@type":"ReadAction","target":["https:\/\/gip.ba\/en\/privacy-policy\/"]}]},{"@type":"BreadcrumbList","@id":"https:\/\/gip.ba\/en\/privacy-policy\/#breadcrumb","itemListElement":[{"@type":"ListItem","position":1,"name":"Home","item":"https:\/\/gip.ba\/en\/"},{"@type":"ListItem","position":2,"name":"Privacy Policy"}]},{"@type":"WebSite","@id":"https:\/\/gip.ba\/en\/#website","url":"https:\/\/gip.ba\/en\/","name":"GIP 2 d.o.o.","description":"","publisher":{"@id":"https:\/\/gip.ba\/en\/#organization"},"potentialAction":[{"@type":"SearchAction","target":{"@type":"EntryPoint","urlTemplate":"https:\/\/gip.ba\/en\/?s={search_term_string}"},"query-input":"required name=search_term_string"}],"inLanguage":"en-US"},{"@type":"Organization","@id":"https:\/\/gip.ba\/en\/#organization","name":"GIP 2 d.o.o.","url":"https:\/\/gip.ba\/en\/","logo":{"@type":"ImageObject","inLanguage":"en-US","@id":"https:\/\/gip.ba\/en\/#\/schema\/logo\/image\/","url":"https:\/\/gip.ba\/wp-content\/uploads\/2024\/03\/gip-2-logo.png","contentUrl":"https:\/\/gip.ba\/wp-content\/uploads\/2024\/03\/gip-2-logo.png","width":200,"height":55,"caption":"GIP 2 d.o.o."},"image":{"@id":"https:\/\/gip.ba\/en\/#\/schema\/logo\/image\/"}}]}},"_links":{"self":[{"href":"https:\/\/gip.ba\/en\/wp-json\/wp\/v2\/pages\/3232","targetHints":{"allow":["GET"]}}],"collection":[{"href":"https:\/\/gip.ba\/en\/wp-json\/wp\/v2\/pages"}],"about":[{"href":"https:\/\/gip.ba\/en\/wp-json\/wp\/v2\/types\/page"}],"author":[{"embeddable":true,"href":"https:\/\/gip.ba\/en\/wp-json\/wp\/v2\/users\/1"}],"replies":[{"embeddable":true,"href":"https:\/\/gip.ba\/en\/wp-json\/wp\/v2\/comments?post=3232"}],"version-history":[{"count":2,"href":"https:\/\/gip.ba\/en\/wp-json\/wp\/v2\/pages\/3232\/revisions"}],"predecessor-version":[{"id":3279,"href":"https:\/\/gip.ba\/en\/wp-json\/wp\/v2\/pages\/3232\/revisions\/3279"}],"wp:attachment":[{"href":"https:\/\/gip.ba\/en\/wp-json\/wp\/v2\/media?parent=3232"}],"curies":[{"name":"wp","href":"https:\/\/api.w.org\/{rel}","templated":true}]}}