{"id":3227,"date":"2021-01-22T10:57:02","date_gmt":"2021-01-22T09:57:02","guid":{"rendered":"https:\/\/gip.ba\/o-nama\/"},"modified":"2024-03-12T13:32:04","modified_gmt":"2024-03-12T12:32:04","slug":"ueber-uns","status":"publish","type":"page","link":"https:\/\/gip.ba\/de\/ueber-uns\/","title":{"rendered":"\u00dcber Uns"},"content":{"rendered":"<div class=\"fusion-fullwidth fullwidth-box fusion-builder-row-1 fusion-flex-container nonhundred-percent-fullwidth non-hundred-percent-height-scrolling\" style=\"--awb-border-radius-top-left:0px;--awb-border-radius-top-right:0px;--awb-border-radius-bottom-right:0px;--awb-border-radius-bottom-left:0px;--awb-padding-top:20px;--awb-padding-bottom:50px;--awb-padding-top-small:0px;--awb-flex-wrap:wrap;\" ><div class=\"fusion-builder-row fusion-row fusion-flex-align-items-flex-start fusion-flex-justify-content-center fusion-flex-content-wrap\" style=\"max-width:calc( 1200px + 80px );margin-left: calc(-80px \/ 2 );margin-right: calc(-80px \/ 2 );\"><div class=\"fusion-layout-column fusion_builder_column fusion-builder-column-0 fusion_builder_column_1_1 1_1 fusion-flex-column\" style=\"--awb-bg-size:cover;--awb-width-large:100%;--awb-margin-top-large:0px;--awb-spacing-right-large:40px;--awb-margin-bottom-large:20px;--awb-spacing-left-large:40px;--awb-width-medium:100%;--awb-order-medium:0;--awb-spacing-right-medium:40px;--awb-spacing-left-medium:40px;--awb-width-small:100%;--awb-order-small:0;--awb-spacing-right-small:40px;--awb-spacing-left-small:40px;\"><div class=\"fusion-column-wrapper fusion-column-has-shadow fusion-flex-justify-content-flex-start fusion-content-layout-column\"><div class=\"fusion-text fusion-text-1\"><p>Das Unternehmen GIP 2 d.o.o. wurde im Jahr 2007 gegr\u00fcndet. Der Firmensitz befindet sich in Doboj &#8211; im Ortsteil Bare, in der Stra\u00dfe Krnjinske srpske brigade bb.<\/p>\n<p>Im Laufe der Jahre haben wir uns als zuverl\u00e4ssiger Partner und Lieferant hochwertiger metallischer Produkte etabliert. Unsere Leidenschaft f\u00fcr Pr\u00e4zision und Details spiegelt sich in jedem von uns hergestellten Produkt wider.<\/p>\n<p>Die Qualit\u00e4tsgarantie ist das Fundament unseres Gesch\u00e4fts. Jedes Produkt wird mit h\u00f6chster Aufmerksamkeit und Sorgfalt behandelt, unter Verwendung der neuesten Technologie und besten Materialien, um Exzellenz in jedem Produktionsschritt zu gew\u00e4hrleisten.<\/p>\n<\/div><div class=\"fusion-image-element \" style=\"text-align:center;--awb-aspect-ratio:21 \/ 9;--awb-object-position:50% 54%;--awb-margin-top:10px;--awb-margin-bottom:30px;--awb-caption-title-font-family:var(--h2_typography-font-family);--awb-caption-title-font-weight:var(--h2_typography-font-weight);--awb-caption-title-font-style:var(--h2_typography-font-style);--awb-caption-title-size:var(--h2_typography-font-size);--awb-caption-title-transform:var(--h2_typography-text-transform);--awb-caption-title-line-height:var(--h2_typography-line-height);--awb-caption-title-letter-spacing:var(--h2_typography-letter-spacing);\"><span class=\" fusion-imageframe imageframe-none imageframe-1 hover-type-none has-aspect-ratio\" style=\"border-radius:16px;\"><img decoding=\"async\" width=\"1493\" height=\"658\" alt=\"Gop 2 - Dron\" title=\"gip-2-slika-dron\" src=\"https:\/\/gip.ba\/wp-content\/uploads\/2024\/03\/gip-2-slika-dron.jpg\" data-orig-src=\"https:\/\/gip.ba\/wp-content\/uploads\/2024\/03\/gip-2-slika-dron.jpg\" class=\"lazyload img-responsive wp-image-2124 img-with-aspect-ratio\" srcset=\"data:image\/svg+xml,%3Csvg%20xmlns%3D%27http%3A%2F%2Fwww.w3.org%2F2000%2Fsvg%27%20width%3D%271493%27%20height%3D%27658%27%20viewBox%3D%270%200%201493%20658%27%3E%3Crect%20width%3D%271493%27%20height%3D%27658%27%20fill-opacity%3D%220%22%2F%3E%3C%2Fsvg%3E\" data-srcset=\"https:\/\/gip.ba\/wp-content\/uploads\/2024\/03\/gip-2-slika-dron-200x88.jpg 200w, https:\/\/gip.ba\/wp-content\/uploads\/2024\/03\/gip-2-slika-dron-400x176.jpg 400w, https:\/\/gip.ba\/wp-content\/uploads\/2024\/03\/gip-2-slika-dron-600x264.jpg 600w, https:\/\/gip.ba\/wp-content\/uploads\/2024\/03\/gip-2-slika-dron-800x353.jpg 800w, https:\/\/gip.ba\/wp-content\/uploads\/2024\/03\/gip-2-slika-dron-1200x529.jpg 1200w, https:\/\/gip.ba\/wp-content\/uploads\/2024\/03\/gip-2-slika-dron.jpg 1493w\" data-sizes=\"auto\" data-orig-sizes=\"(max-width: 640px) 100vw, 1200px\" \/><\/span><\/div><div class=\"fusion-text fusion-text-2\"><p>Unser Unternehmen investiert kontinuierlich in Entwicklung und Innovation, um den neuesten Trends und Industriestandards zu folgen. Unser Ziel ist es, die Bed\u00fcrfnisse und Erwartungen unserer Kunden zu erf\u00fcllen, indem wir Produkte von h\u00f6chster Qualit\u00e4t und Zuverl\u00e4ssigkeit bieten.<\/p>\n<p>Unsere Produkte sind auf dem Markt der Europ\u00e4ischen Union anerkannt, was unsere Hingabe zur Qualit\u00e4t und Exzellenz best\u00e4tigt. Unser Unternehmen ist auf die qualitativ hochwertige Herstellung aller Arten von metallischen Konstruktionen spezialisiert, sowie auf die Produktion von Fertigprodukten und Halbfabrikaten, die wir in Zusammenarbeit mit unserem Partner, dem renommierten \u00f6sterreichischen Unternehmen SCHNITZHOFER Ges.m.b.h, herstellen.<\/p>\n<p>F\u00fcr <a href=\"https:\/\/www.holzknecht.at\/\" target=\"_blank\" rel=\"noopener\">SCHNITZHOFER Ges.m.b.h<\/a> produzieren wir verschiedene Arten von Forstseilwinden, Forstklammern sowie Teile f\u00fcr Anh\u00e4nger, was das Ergebnis einer langj\u00e4hrigen erfolgreichen Zusammenarbeit ist.<\/p>\n<p>Durch langj\u00e4hrige Arbeit und unser prinzipienfestes Verhalten haben wir zuverl\u00e4ssige Partner in der Lieferung aller Arten von Materialien gewonnen. Unser grundlegendes Motto lautet: <strong>QUALIT\u00c4T UND RECHTZEITIGE LIEFERUNG<\/strong>.<\/p>\n<\/div><\/div><\/div><\/div><\/div>\n","protected":false},"excerpt":{"rendered":"","protected":false},"author":1,"featured_media":0,"parent":0,"menu_order":0,"comment_status":"closed","ping_status":"closed","template":"100-width.php","meta":{"footnotes":""},"class_list":["post-3227","page","type-page","status-publish","hentry"],"yoast_head":"<!-- This site is optimized with the Yoast SEO plugin v22.2 - https:\/\/yoast.com\/wordpress\/plugins\/seo\/ -->\n<title>\u00dcber Uns - GIP 2 d.o.o.<\/title>\n<meta name=\"description\" content=\"Die Firma GIP 2 d.o.o. - Zuverl\u00e4ssiger Partner f\u00fcr hochwertige Metallprodukte seit 2007. Wir garantieren erstklassige Qualit\u00e4t.\" \/>\n<meta name=\"robots\" content=\"index, follow, max-snippet:-1, max-image-preview:large, max-video-preview:-1\" \/>\n<link rel=\"canonical\" href=\"https:\/\/gip.ba\/de\/ueber-uns\/\" \/>\n<meta property=\"og:locale\" content=\"de_DE\" \/>\n<meta property=\"og:type\" content=\"article\" \/>\n<meta property=\"og:title\" content=\"\u00dcber Uns - GIP 2 d.o.o.\" \/>\n<meta property=\"og:description\" content=\"Die Firma GIP 2 d.o.o. - Zuverl\u00e4ssiger Partner f\u00fcr hochwertige Metallprodukte seit 2007. Wir garantieren erstklassige Qualit\u00e4t.\" \/>\n<meta property=\"og:url\" content=\"https:\/\/gip.ba\/de\/ueber-uns\/\" \/>\n<meta property=\"og:site_name\" content=\"GIP 2 d.o.o.\" \/>\n<meta property=\"article:modified_time\" content=\"2024-03-12T12:32:04+00:00\" \/>\n<meta name=\"twitter:card\" content=\"summary_large_image\" \/>\n<meta name=\"twitter:label1\" content=\"Gesch\u00e4tzte Lesezeit\" \/>\n\t<meta name=\"twitter:data1\" content=\"2\u00a0Minuten\" \/>\n<script type=\"application\/ld+json\" class=\"yoast-schema-graph\">{\"@context\":\"https:\/\/schema.org\",\"@graph\":[{\"@type\":\"WebPage\",\"@id\":\"https:\/\/gip.ba\/de\/ueber-uns\/\",\"url\":\"https:\/\/gip.ba\/de\/ueber-uns\/\",\"name\":\"\u00dcber Uns - GIP 2 d.o.o.\",\"isPartOf\":{\"@id\":\"https:\/\/gip.ba\/de\/#website\"},\"datePublished\":\"2021-01-22T09:57:02+00:00\",\"dateModified\":\"2024-03-12T12:32:04+00:00\",\"description\":\"Die Firma GIP 2 d.o.o. - Zuverl\u00e4ssiger Partner f\u00fcr hochwertige Metallprodukte seit 2007. Wir garantieren erstklassige Qualit\u00e4t.\",\"breadcrumb\":{\"@id\":\"https:\/\/gip.ba\/de\/ueber-uns\/#breadcrumb\"},\"inLanguage\":\"de\",\"potentialAction\":[{\"@type\":\"ReadAction\",\"target\":[\"https:\/\/gip.ba\/de\/ueber-uns\/\"]}]},{\"@type\":\"BreadcrumbList\",\"@id\":\"https:\/\/gip.ba\/de\/ueber-uns\/#breadcrumb\",\"itemListElement\":[{\"@type\":\"ListItem\",\"position\":1,\"name\":\"Home\",\"item\":\"https:\/\/gip.ba\/de\/\"},{\"@type\":\"ListItem\",\"position\":2,\"name\":\"\u00dcber Uns\"}]},{\"@type\":\"WebSite\",\"@id\":\"https:\/\/gip.ba\/de\/#website\",\"url\":\"https:\/\/gip.ba\/de\/\",\"name\":\"GIP 2 d.o.o.\",\"description\":\"\",\"publisher\":{\"@id\":\"https:\/\/gip.ba\/de\/#organization\"},\"potentialAction\":[{\"@type\":\"SearchAction\",\"target\":{\"@type\":\"EntryPoint\",\"urlTemplate\":\"https:\/\/gip.ba\/de\/?s={search_term_string}\"},\"query-input\":\"required name=search_term_string\"}],\"inLanguage\":\"de\"},{\"@type\":\"Organization\",\"@id\":\"https:\/\/gip.ba\/de\/#organization\",\"name\":\"GIP 2 d.o.o.\",\"url\":\"https:\/\/gip.ba\/de\/\",\"logo\":{\"@type\":\"ImageObject\",\"inLanguage\":\"de\",\"@id\":\"https:\/\/gip.ba\/de\/#\/schema\/logo\/image\/\",\"url\":\"https:\/\/gip.ba\/wp-content\/uploads\/2024\/03\/gip-2-logo.png\",\"contentUrl\":\"https:\/\/gip.ba\/wp-content\/uploads\/2024\/03\/gip-2-logo.png\",\"width\":200,\"height\":55,\"caption\":\"GIP 2 d.o.o.\"},\"image\":{\"@id\":\"https:\/\/gip.ba\/de\/#\/schema\/logo\/image\/\"}}]}<\/script>\n<!-- \/ Yoast SEO plugin. -->","yoast_head_json":{"title":"\u00dcber Uns - GIP 2 d.o.o.","description":"Die Firma GIP 2 d.o.o. - Zuverl\u00e4ssiger Partner f\u00fcr hochwertige Metallprodukte seit 2007. Wir garantieren erstklassige Qualit\u00e4t.","robots":{"index":"index","follow":"follow","max-snippet":"max-snippet:-1","max-image-preview":"max-image-preview:large","max-video-preview":"max-video-preview:-1"},"canonical":"https:\/\/gip.ba\/de\/ueber-uns\/","og_locale":"de_DE","og_type":"article","og_title":"\u00dcber Uns - GIP 2 d.o.o.","og_description":"Die Firma GIP 2 d.o.o. - Zuverl\u00e4ssiger Partner f\u00fcr hochwertige Metallprodukte seit 2007. Wir garantieren erstklassige Qualit\u00e4t.","og_url":"https:\/\/gip.ba\/de\/ueber-uns\/","og_site_name":"GIP 2 d.o.o.","article_modified_time":"2024-03-12T12:32:04+00:00","twitter_card":"summary_large_image","twitter_misc":{"Gesch\u00e4tzte Lesezeit":"2\u00a0Minuten"},"schema":{"@context":"https:\/\/schema.org","@graph":[{"@type":"WebPage","@id":"https:\/\/gip.ba\/de\/ueber-uns\/","url":"https:\/\/gip.ba\/de\/ueber-uns\/","name":"\u00dcber Uns - GIP 2 d.o.o.","isPartOf":{"@id":"https:\/\/gip.ba\/de\/#website"},"datePublished":"2021-01-22T09:57:02+00:00","dateModified":"2024-03-12T12:32:04+00:00","description":"Die Firma GIP 2 d.o.o. - Zuverl\u00e4ssiger Partner f\u00fcr hochwertige Metallprodukte seit 2007. Wir garantieren erstklassige Qualit\u00e4t.","breadcrumb":{"@id":"https:\/\/gip.ba\/de\/ueber-uns\/#breadcrumb"},"inLanguage":"de","potentialAction":[{"@type":"ReadAction","target":["https:\/\/gip.ba\/de\/ueber-uns\/"]}]},{"@type":"BreadcrumbList","@id":"https:\/\/gip.ba\/de\/ueber-uns\/#breadcrumb","itemListElement":[{"@type":"ListItem","position":1,"name":"Home","item":"https:\/\/gip.ba\/de\/"},{"@type":"ListItem","position":2,"name":"\u00dcber Uns"}]},{"@type":"WebSite","@id":"https:\/\/gip.ba\/de\/#website","url":"https:\/\/gip.ba\/de\/","name":"GIP 2 d.o.o.","description":"","publisher":{"@id":"https:\/\/gip.ba\/de\/#organization"},"potentialAction":[{"@type":"SearchAction","target":{"@type":"EntryPoint","urlTemplate":"https:\/\/gip.ba\/de\/?s={search_term_string}"},"query-input":"required name=search_term_string"}],"inLanguage":"de"},{"@type":"Organization","@id":"https:\/\/gip.ba\/de\/#organization","name":"GIP 2 d.o.o.","url":"https:\/\/gip.ba\/de\/","logo":{"@type":"ImageObject","inLanguage":"de","@id":"https:\/\/gip.ba\/de\/#\/schema\/logo\/image\/","url":"https:\/\/gip.ba\/wp-content\/uploads\/2024\/03\/gip-2-logo.png","contentUrl":"https:\/\/gip.ba\/wp-content\/uploads\/2024\/03\/gip-2-logo.png","width":200,"height":55,"caption":"GIP 2 d.o.o."},"image":{"@id":"https:\/\/gip.ba\/de\/#\/schema\/logo\/image\/"}}]}},"_links":{"self":[{"href":"https:\/\/gip.ba\/de\/wp-json\/wp\/v2\/pages\/3227","targetHints":{"allow":["GET"]}}],"collection":[{"href":"https:\/\/gip.ba\/de\/wp-json\/wp\/v2\/pages"}],"about":[{"href":"https:\/\/gip.ba\/de\/wp-json\/wp\/v2\/types\/page"}],"author":[{"embeddable":true,"href":"https:\/\/gip.ba\/de\/wp-json\/wp\/v2\/users\/1"}],"replies":[{"embeddable":true,"href":"https:\/\/gip.ba\/de\/wp-json\/wp\/v2\/comments?post=3227"}],"version-history":[{"count":3,"href":"https:\/\/gip.ba\/de\/wp-json\/wp\/v2\/pages\/3227\/revisions"}],"predecessor-version":[{"id":3317,"href":"https:\/\/gip.ba\/de\/wp-json\/wp\/v2\/pages\/3227\/revisions\/3317"}],"wp:attachment":[{"href":"https:\/\/gip.ba\/de\/wp-json\/wp\/v2\/media?parent=3227"}],"curies":[{"name":"wp","href":"https:\/\/api.w.org\/{rel}","templated":true}]}}